{"id":155,"date":"2025-06-26T11:14:35","date_gmt":"2025-06-26T11:14:35","guid":{"rendered":"https:\/\/laecosfera.com\/?post_type=product&p=155"},"modified":"2025-07-17T13:39:51","modified_gmt":"2025-07-17T13:39:51","slug":"earth-serenity","status":"publish","type":"product","link":"https:\/\/laecosfera.com\/?product=earth-serenity","title":{"rendered":"Earth &#038; Serenity"},"content":{"rendered":"","protected":false},"excerpt":{"rendered":"<p>Detoxifying mask with clay and lavender<\/p>\n","protected":false},"featured_media":159,"comment_status":"open","ping_status":"closed","template":"","meta":[],"product_brand":[],"product_cat":[14],"product_tag":[24,21,23,22],"class_list":{"0":"post-155","1":"product","2":"type-product","3":"status-publish","4":"has-post-thumbnail","6":"product_cat-sin-categorizar","7":"product_tag-beauty","8":"product_tag-bio","9":"product_tag-cream","10":"product_tag-natural","12":"first","13":"instock","14":"taxable","15":"shipping-taxable","16":"purchasable","17":"product-type-variable"},"yoast_head":"<!-- This site is optimized with the Yoast SEO plugin v27.5 - https:\/\/yoast.com\/product\/yoast-seo-wordpress\/ -->\n<title>Earth &amp; Serenity - La Ecosfera<\/title>\n<meta name=\"robots\" content=\"index, follow, max-snippet:-1, max-image-preview:large, max-video-preview:-1\" \/>\n<link rel=\"canonical\" href=\"https:\/\/laecosfera.com\/?product=earth-serenity\" \/>\n<meta property=\"og:locale\" content=\"es_ES\" \/>\n<meta property=\"og:type\" content=\"article\" \/>\n<meta property=\"og:title\" content=\"Earth &amp; Serenity - La Ecosfera\" \/>\n<meta property=\"og:description\" content=\"Detoxifying mask with clay and lavender\" \/>\n<meta property=\"og:url\" content=\"https:\/\/laecosfera.com\/?product=earth-serenity\" \/>\n<meta property=\"og:site_name\" content=\"La Ecosfera\" \/>\n<meta property=\"article:modified_time\" content=\"2025-07-17T13:39:51+00:00\" \/>\n<meta name=\"twitter:card\" content=\"summary_large_image\" \/>\n<meta name=\"twitter:image\" content=\"https:\/\/laecosfera.com\/wp-content\/uploads\/2025\/06\/cosmetics4-product5.webp\" \/>\n<script type=\"application\/ld+json\" class=\"yoast-schema-graph\">{\"@context\":\"https:\\\/\\\/schema.org\",\"@graph\":[{\"@type\":\"WebPage\",\"@id\":\"https:\\\/\\\/laecosfera.com\\\/?product=earth-serenity\",\"url\":\"https:\\\/\\\/laecosfera.com\\\/?product=earth-serenity\",\"name\":\"Earth & Serenity - La Ecosfera\",\"isPartOf\":{\"@id\":\"https:\\\/\\\/laecosfera.com\\\/#website\"},\"primaryImageOfPage\":{\"@id\":\"https:\\\/\\\/laecosfera.com\\\/?product=earth-serenity#primaryimage\"},\"image\":{\"@id\":\"https:\\\/\\\/laecosfera.com\\\/?product=earth-serenity#primaryimage\"},\"thumbnailUrl\":\"https:\\\/\\\/laecosfera.com\\\/wp-content\\\/uploads\\\/2025\\\/06\\\/cosmetics4-product5.webp\",\"datePublished\":\"2025-06-26T11:14:35+00:00\",\"dateModified\":\"2025-07-17T13:39:51+00:00\",\"breadcrumb\":{\"@id\":\"https:\\\/\\\/laecosfera.com\\\/?product=earth-serenity#breadcrumb\"},\"inLanguage\":\"es\",\"potentialAction\":[{\"@type\":\"ReadAction\",\"target\":[\"https:\\\/\\\/laecosfera.com\\\/?product=earth-serenity\"]}]},{\"@type\":\"ImageObject\",\"inLanguage\":\"es\",\"@id\":\"https:\\\/\\\/laecosfera.com\\\/?product=earth-serenity#primaryimage\",\"url\":\"https:\\\/\\\/laecosfera.com\\\/wp-content\\\/uploads\\\/2025\\\/06\\\/cosmetics4-product5.webp\",\"contentUrl\":\"https:\\\/\\\/laecosfera.com\\\/wp-content\\\/uploads\\\/2025\\\/06\\\/cosmetics4-product5.webp\"},{\"@type\":\"BreadcrumbList\",\"@id\":\"https:\\\/\\\/laecosfera.com\\\/?product=earth-serenity#breadcrumb\",\"itemListElement\":[{\"@type\":\"ListItem\",\"position\":1,\"name\":\"Portada\",\"item\":\"https:\\\/\\\/laecosfera.com\\\/\"},{\"@type\":\"ListItem\",\"position\":2,\"name\":\"Tienda\",\"item\":\"https:\\\/\\\/laecosfera.com\\\/?page_id=272\"},{\"@type\":\"ListItem\",\"position\":3,\"name\":\"Earth &#038; Serenity\"}]},{\"@type\":\"WebSite\",\"@id\":\"https:\\\/\\\/laecosfera.com\\\/#website\",\"url\":\"https:\\\/\\\/laecosfera.com\\\/\",\"name\":\"La Ecosfera\",\"description\":\"La Ecosfera es tu tienda online de productos naturales y sostenibles para el d\u00eda a d\u00eda. Creemos en una forma de vivir m\u00e1s respetuosa con el planeta sin renunciar a la calidad, la eficacia ni el bienestar.\",\"publisher\":{\"@id\":\"https:\\\/\\\/laecosfera.com\\\/#organization\"},\"potentialAction\":[{\"@type\":\"SearchAction\",\"target\":{\"@type\":\"EntryPoint\",\"urlTemplate\":\"https:\\\/\\\/laecosfera.com\\\/?s={search_term_string}\"},\"query-input\":{\"@type\":\"PropertyValueSpecification\",\"valueRequired\":true,\"valueName\":\"search_term_string\"}}],\"inLanguage\":\"es\"},{\"@type\":\"Organization\",\"@id\":\"https:\\\/\\\/laecosfera.com\\\/#organization\",\"name\":\"La Ecosfera\",\"url\":\"https:\\\/\\\/laecosfera.com\\\/\",\"logo\":{\"@type\":\"ImageObject\",\"inLanguage\":\"es\",\"@id\":\"https:\\\/\\\/laecosfera.com\\\/#\\\/schema\\\/logo\\\/image\\\/\",\"url\":\"https:\\\/\\\/laecosfera.com\\\/wp-content\\\/uploads\\\/2026\\\/02\\\/cropped-favicon-ecosfera.jpg\",\"contentUrl\":\"https:\\\/\\\/laecosfera.com\\\/wp-content\\\/uploads\\\/2026\\\/02\\\/cropped-favicon-ecosfera.jpg\",\"width\":1080,\"height\":1080,\"caption\":\"La Ecosfera\"},\"image\":{\"@id\":\"https:\\\/\\\/laecosfera.com\\\/#\\\/schema\\\/logo\\\/image\\\/\"}}]}<\/script>\n<!-- \/ Yoast SEO plugin. -->","yoast_head_json":{"title":"Earth & Serenity - La Ecosfera","robots":{"index":"index","follow":"follow","max-snippet":"max-snippet:-1","max-image-preview":"max-image-preview:large","max-video-preview":"max-video-preview:-1"},"canonical":"https:\/\/laecosfera.com\/?product=earth-serenity","og_locale":"es_ES","og_type":"article","og_title":"Earth & Serenity - La Ecosfera","og_description":"Detoxifying mask with clay and lavender","og_url":"https:\/\/laecosfera.com\/?product=earth-serenity","og_site_name":"La Ecosfera","article_modified_time":"2025-07-17T13:39:51+00:00","twitter_card":"summary_large_image","twitter_image":"https:\/\/laecosfera.com\/wp-content\/uploads\/2025\/06\/cosmetics4-product5.webp","schema":{"@context":"https:\/\/schema.org","@graph":[{"@type":"WebPage","@id":"https:\/\/laecosfera.com\/?product=earth-serenity","url":"https:\/\/laecosfera.com\/?product=earth-serenity","name":"Earth & Serenity - La Ecosfera","isPartOf":{"@id":"https:\/\/laecosfera.com\/#website"},"primaryImageOfPage":{"@id":"https:\/\/laecosfera.com\/?product=earth-serenity#primaryimage"},"image":{"@id":"https:\/\/laecosfera.com\/?product=earth-serenity#primaryimage"},"thumbnailUrl":"https:\/\/laecosfera.com\/wp-content\/uploads\/2025\/06\/cosmetics4-product5.webp","datePublished":"2025-06-26T11:14:35+00:00","dateModified":"2025-07-17T13:39:51+00:00","breadcrumb":{"@id":"https:\/\/laecosfera.com\/?product=earth-serenity#breadcrumb"},"inLanguage":"es","potentialAction":[{"@type":"ReadAction","target":["https:\/\/laecosfera.com\/?product=earth-serenity"]}]},{"@type":"ImageObject","inLanguage":"es","@id":"https:\/\/laecosfera.com\/?product=earth-serenity#primaryimage","url":"https:\/\/laecosfera.com\/wp-content\/uploads\/2025\/06\/cosmetics4-product5.webp","contentUrl":"https:\/\/laecosfera.com\/wp-content\/uploads\/2025\/06\/cosmetics4-product5.webp"},{"@type":"BreadcrumbList","@id":"https:\/\/laecosfera.com\/?product=earth-serenity#breadcrumb","itemListElement":[{"@type":"ListItem","position":1,"name":"Portada","item":"https:\/\/laecosfera.com\/"},{"@type":"ListItem","position":2,"name":"Tienda","item":"https:\/\/laecosfera.com\/?page_id=272"},{"@type":"ListItem","position":3,"name":"Earth &#038; Serenity"}]},{"@type":"WebSite","@id":"https:\/\/laecosfera.com\/#website","url":"https:\/\/laecosfera.com\/","name":"La Ecosfera","description":"La Ecosfera es tu tienda online de productos naturales y sostenibles para el d\u00eda a d\u00eda. Creemos en una forma de vivir m\u00e1s respetuosa con el planeta sin renunciar a la calidad, la eficacia ni el bienestar.","publisher":{"@id":"https:\/\/laecosfera.com\/#organization"},"potentialAction":[{"@type":"SearchAction","target":{"@type":"EntryPoint","urlTemplate":"https:\/\/laecosfera.com\/?s={search_term_string}"},"query-input":{"@type":"PropertyValueSpecification","valueRequired":true,"valueName":"search_term_string"}}],"inLanguage":"es"},{"@type":"Organization","@id":"https:\/\/laecosfera.com\/#organization","name":"La Ecosfera","url":"https:\/\/laecosfera.com\/","logo":{"@type":"ImageObject","inLanguage":"es","@id":"https:\/\/laecosfera.com\/#\/schema\/logo\/image\/","url":"https:\/\/laecosfera.com\/wp-content\/uploads\/2026\/02\/cropped-favicon-ecosfera.jpg","contentUrl":"https:\/\/laecosfera.com\/wp-content\/uploads\/2026\/02\/cropped-favicon-ecosfera.jpg","width":1080,"height":1080,"caption":"La Ecosfera"},"image":{"@id":"https:\/\/laecosfera.com\/#\/schema\/logo\/image\/"}}]}},"_links":{"self":[{"href":"https:\/\/laecosfera.com\/index.php?rest_route=\/wp\/v2\/product\/155","targetHints":{"allow":["GET"]}}],"collection":[{"href":"https:\/\/laecosfera.com\/index.php?rest_route=\/wp\/v2\/product"}],"about":[{"href":"https:\/\/laecosfera.com\/index.php?rest_route=\/wp\/v2\/types\/product"}],"replies":[{"embeddable":true,"href":"https:\/\/laecosfera.com\/index.php?rest_route=%2Fwp%2Fv2%2Fcomments&post=155"}],"wp:featuredmedia":[{"embeddable":true,"href":"https:\/\/laecosfera.com\/index.php?rest_route=\/wp\/v2\/media\/159"}],"wp:attachment":[{"href":"https:\/\/laecosfera.com\/index.php?rest_route=%2Fwp%2Fv2%2Fmedia&parent=155"}],"wp:term":[{"taxonomy":"product_brand","embeddable":true,"href":"https:\/\/laecosfera.com\/index.php?rest_route=%2Fwp%2Fv2%2Fproduct_brand&post=155"},{"taxonomy":"product_cat","embeddable":true,"href":"https:\/\/laecosfera.com\/index.php?rest_route=%2Fwp%2Fv2%2Fproduct_cat&post=155"},{"taxonomy":"product_tag","embeddable":true,"href":"https:\/\/laecosfera.com\/index.php?rest_route=%2Fwp%2Fv2%2Fproduct_tag&post=155"}],"curies":[{"name":"wp","href":"https:\/\/api.w.org\/{rel}","templated":true}]}}