{"id":416,"date":"2026-03-03T11:33:26","date_gmt":"2026-03-03T11:33:26","guid":{"rendered":"https:\/\/laecosfera.com\/?post_type=product&#038;p=416"},"modified":"2026-03-03T11:36:37","modified_gmt":"2026-03-03T11:36:37","slug":"desodorante-natural-en-lata-frutas-de-enebro","status":"publish","type":"product","link":"https:\/\/laecosfera.com\/?product=desodorante-natural-en-lata-frutas-de-enebro","title":{"rendered":"Desodorante natural en lata Frutas de Enebro"},"content":{"rendered":"","protected":false},"excerpt":{"rendered":"<div class=\"fl-col-group fl-node-a6dnxuc5h473 fl-col-group-nested fl-col-group-equal-height fl-col-group-align-center\" data-node=\"a6dnxuc5h473\">\n<div class=\"fl-col fl-node-dm8pkfz5nlg3 fl-col-bg-color\" data-node=\"dm8pkfz5nlg3\">\n<div class=\"fl-col-content fl-node-content\">\n<div class=\"fl-module fl-module-fl-woo-product-description fl-node-e5zk8irvosx9\" data-node=\"e5zk8irvosx9\">\n<div class=\"fl-module-content fl-node-content\">\n<div class=\"woocommerce-product-details__short-description\">\n<p>Uso diario<\/p>\n<\/div>\n<\/div>\n<\/div>\n<\/div>\n<\/div>\n<\/div>\n<div class=\"fl-module fl-module-rich-text fl-rich-text fl-node-bi0ce2o8j9nu\" data-node=\"bi0ce2o8j9nu\"><\/div>\n","protected":false},"featured_media":417,"comment_status":"closed","ping_status":"closed","template":"","meta":[],"product_brand":[65],"product_cat":[49,57,44],"product_tag":[],"class_list":{"0":"post-416","1":"product","2":"type-product","3":"status-publish","4":"has-post-thumbnail","6":"product_brand-lets-go-skin","7":"product_cat-desodorantes","8":"product_cat-desodorantes-naturales","9":"product_cat-higiene-personal","11":"first","12":"instock","13":"taxable","14":"shipping-taxable","15":"purchasable","16":"product-type-simple"},"yoast_head":"<!-- This site is optimized with the Yoast SEO plugin v27.5 - https:\/\/yoast.com\/product\/yoast-seo-wordpress\/ -->\n<title>Desodorante natural en lata Frutas de Enebro - La Ecosfera<\/title>\n<meta name=\"robots\" content=\"index, follow, max-snippet:-1, max-image-preview:large, max-video-preview:-1\" \/>\n<link rel=\"canonical\" href=\"https:\/\/laecosfera.com\/?product=desodorante-natural-en-lata-frutas-de-enebro\" \/>\n<meta property=\"og:locale\" content=\"es_ES\" \/>\n<meta property=\"og:type\" content=\"article\" \/>\n<meta property=\"og:title\" content=\"Desodorante natural en lata Frutas de Enebro - La Ecosfera\" \/>\n<meta property=\"og:description\" content=\"Uso diario\" \/>\n<meta property=\"og:url\" content=\"https:\/\/laecosfera.com\/?product=desodorante-natural-en-lata-frutas-de-enebro\" \/>\n<meta property=\"og:site_name\" content=\"La Ecosfera\" \/>\n<meta property=\"article:modified_time\" content=\"2026-03-03T11:36:37+00:00\" \/>\n<meta property=\"og:image\" content=\"https:\/\/laecosfera.com\/wp-content\/uploads\/2026\/03\/Desodorante-natural-en-lata-Frutas-de-Enebro.jpg\" \/>\n\t<meta property=\"og:image:width\" content=\"780\" \/>\n\t<meta property=\"og:image:height\" content=\"780\" \/>\n\t<meta property=\"og:image:type\" content=\"image\/jpeg\" \/>\n<meta name=\"twitter:card\" content=\"summary_large_image\" \/>\n<script type=\"application\/ld+json\" class=\"yoast-schema-graph\">{\"@context\":\"https:\\\/\\\/schema.org\",\"@graph\":[{\"@type\":\"WebPage\",\"@id\":\"https:\\\/\\\/laecosfera.com\\\/?product=desodorante-natural-en-lata-frutas-de-enebro\",\"url\":\"https:\\\/\\\/laecosfera.com\\\/?product=desodorante-natural-en-lata-frutas-de-enebro\",\"name\":\"Desodorante natural en lata Frutas de Enebro - La Ecosfera\",\"isPartOf\":{\"@id\":\"https:\\\/\\\/laecosfera.com\\\/#website\"},\"primaryImageOfPage\":{\"@id\":\"https:\\\/\\\/laecosfera.com\\\/?product=desodorante-natural-en-lata-frutas-de-enebro#primaryimage\"},\"image\":{\"@id\":\"https:\\\/\\\/laecosfera.com\\\/?product=desodorante-natural-en-lata-frutas-de-enebro#primaryimage\"},\"thumbnailUrl\":\"https:\\\/\\\/laecosfera.com\\\/wp-content\\\/uploads\\\/2026\\\/03\\\/Desodorante-natural-en-lata-Frutas-de-Enebro.jpg\",\"datePublished\":\"2026-03-03T11:33:26+00:00\",\"dateModified\":\"2026-03-03T11:36:37+00:00\",\"breadcrumb\":{\"@id\":\"https:\\\/\\\/laecosfera.com\\\/?product=desodorante-natural-en-lata-frutas-de-enebro#breadcrumb\"},\"inLanguage\":\"es\",\"potentialAction\":[{\"@type\":\"ReadAction\",\"target\":[\"https:\\\/\\\/laecosfera.com\\\/?product=desodorante-natural-en-lata-frutas-de-enebro\"]}]},{\"@type\":\"ImageObject\",\"inLanguage\":\"es\",\"@id\":\"https:\\\/\\\/laecosfera.com\\\/?product=desodorante-natural-en-lata-frutas-de-enebro#primaryimage\",\"url\":\"https:\\\/\\\/laecosfera.com\\\/wp-content\\\/uploads\\\/2026\\\/03\\\/Desodorante-natural-en-lata-Frutas-de-Enebro.jpg\",\"contentUrl\":\"https:\\\/\\\/laecosfera.com\\\/wp-content\\\/uploads\\\/2026\\\/03\\\/Desodorante-natural-en-lata-Frutas-de-Enebro.jpg\",\"width\":780,\"height\":780},{\"@type\":\"BreadcrumbList\",\"@id\":\"https:\\\/\\\/laecosfera.com\\\/?product=desodorante-natural-en-lata-frutas-de-enebro#breadcrumb\",\"itemListElement\":[{\"@type\":\"ListItem\",\"position\":1,\"name\":\"Portada\",\"item\":\"https:\\\/\\\/laecosfera.com\\\/\"},{\"@type\":\"ListItem\",\"position\":2,\"name\":\"Tienda\",\"item\":\"https:\\\/\\\/laecosfera.com\\\/?page_id=272\"},{\"@type\":\"ListItem\",\"position\":3,\"name\":\"Desodorante natural en lata Frutas de Enebro\"}]},{\"@type\":\"WebSite\",\"@id\":\"https:\\\/\\\/laecosfera.com\\\/#website\",\"url\":\"https:\\\/\\\/laecosfera.com\\\/\",\"name\":\"La Ecosfera\",\"description\":\"La Ecosfera es tu tienda online de productos naturales y sostenibles para el d\u00eda a d\u00eda. Creemos en una forma de vivir m\u00e1s respetuosa con el planeta sin renunciar a la calidad, la eficacia ni el bienestar.\",\"publisher\":{\"@id\":\"https:\\\/\\\/laecosfera.com\\\/#organization\"},\"potentialAction\":[{\"@type\":\"SearchAction\",\"target\":{\"@type\":\"EntryPoint\",\"urlTemplate\":\"https:\\\/\\\/laecosfera.com\\\/?s={search_term_string}\"},\"query-input\":{\"@type\":\"PropertyValueSpecification\",\"valueRequired\":true,\"valueName\":\"search_term_string\"}}],\"inLanguage\":\"es\"},{\"@type\":\"Organization\",\"@id\":\"https:\\\/\\\/laecosfera.com\\\/#organization\",\"name\":\"La Ecosfera\",\"url\":\"https:\\\/\\\/laecosfera.com\\\/\",\"logo\":{\"@type\":\"ImageObject\",\"inLanguage\":\"es\",\"@id\":\"https:\\\/\\\/laecosfera.com\\\/#\\\/schema\\\/logo\\\/image\\\/\",\"url\":\"https:\\\/\\\/laecosfera.com\\\/wp-content\\\/uploads\\\/2026\\\/02\\\/cropped-favicon-ecosfera.jpg\",\"contentUrl\":\"https:\\\/\\\/laecosfera.com\\\/wp-content\\\/uploads\\\/2026\\\/02\\\/cropped-favicon-ecosfera.jpg\",\"width\":1080,\"height\":1080,\"caption\":\"La Ecosfera\"},\"image\":{\"@id\":\"https:\\\/\\\/laecosfera.com\\\/#\\\/schema\\\/logo\\\/image\\\/\"}}]}<\/script>\n<!-- \/ Yoast SEO plugin. -->","yoast_head_json":{"title":"Desodorante natural en lata Frutas de Enebro - La Ecosfera","robots":{"index":"index","follow":"follow","max-snippet":"max-snippet:-1","max-image-preview":"max-image-preview:large","max-video-preview":"max-video-preview:-1"},"canonical":"https:\/\/laecosfera.com\/?product=desodorante-natural-en-lata-frutas-de-enebro","og_locale":"es_ES","og_type":"article","og_title":"Desodorante natural en lata Frutas de Enebro - La Ecosfera","og_description":"Uso diario","og_url":"https:\/\/laecosfera.com\/?product=desodorante-natural-en-lata-frutas-de-enebro","og_site_name":"La Ecosfera","article_modified_time":"2026-03-03T11:36:37+00:00","og_image":[{"width":780,"height":780,"url":"https:\/\/laecosfera.com\/wp-content\/uploads\/2026\/03\/Desodorante-natural-en-lata-Frutas-de-Enebro.jpg","type":"image\/jpeg"}],"twitter_card":"summary_large_image","schema":{"@context":"https:\/\/schema.org","@graph":[{"@type":"WebPage","@id":"https:\/\/laecosfera.com\/?product=desodorante-natural-en-lata-frutas-de-enebro","url":"https:\/\/laecosfera.com\/?product=desodorante-natural-en-lata-frutas-de-enebro","name":"Desodorante natural en lata Frutas de Enebro - La Ecosfera","isPartOf":{"@id":"https:\/\/laecosfera.com\/#website"},"primaryImageOfPage":{"@id":"https:\/\/laecosfera.com\/?product=desodorante-natural-en-lata-frutas-de-enebro#primaryimage"},"image":{"@id":"https:\/\/laecosfera.com\/?product=desodorante-natural-en-lata-frutas-de-enebro#primaryimage"},"thumbnailUrl":"https:\/\/laecosfera.com\/wp-content\/uploads\/2026\/03\/Desodorante-natural-en-lata-Frutas-de-Enebro.jpg","datePublished":"2026-03-03T11:33:26+00:00","dateModified":"2026-03-03T11:36:37+00:00","breadcrumb":{"@id":"https:\/\/laecosfera.com\/?product=desodorante-natural-en-lata-frutas-de-enebro#breadcrumb"},"inLanguage":"es","potentialAction":[{"@type":"ReadAction","target":["https:\/\/laecosfera.com\/?product=desodorante-natural-en-lata-frutas-de-enebro"]}]},{"@type":"ImageObject","inLanguage":"es","@id":"https:\/\/laecosfera.com\/?product=desodorante-natural-en-lata-frutas-de-enebro#primaryimage","url":"https:\/\/laecosfera.com\/wp-content\/uploads\/2026\/03\/Desodorante-natural-en-lata-Frutas-de-Enebro.jpg","contentUrl":"https:\/\/laecosfera.com\/wp-content\/uploads\/2026\/03\/Desodorante-natural-en-lata-Frutas-de-Enebro.jpg","width":780,"height":780},{"@type":"BreadcrumbList","@id":"https:\/\/laecosfera.com\/?product=desodorante-natural-en-lata-frutas-de-enebro#breadcrumb","itemListElement":[{"@type":"ListItem","position":1,"name":"Portada","item":"https:\/\/laecosfera.com\/"},{"@type":"ListItem","position":2,"name":"Tienda","item":"https:\/\/laecosfera.com\/?page_id=272"},{"@type":"ListItem","position":3,"name":"Desodorante natural en lata Frutas de Enebro"}]},{"@type":"WebSite","@id":"https:\/\/laecosfera.com\/#website","url":"https:\/\/laecosfera.com\/","name":"La Ecosfera","description":"La Ecosfera es tu tienda online de productos naturales y sostenibles para el d\u00eda a d\u00eda. Creemos en una forma de vivir m\u00e1s respetuosa con el planeta sin renunciar a la calidad, la eficacia ni el bienestar.","publisher":{"@id":"https:\/\/laecosfera.com\/#organization"},"potentialAction":[{"@type":"SearchAction","target":{"@type":"EntryPoint","urlTemplate":"https:\/\/laecosfera.com\/?s={search_term_string}"},"query-input":{"@type":"PropertyValueSpecification","valueRequired":true,"valueName":"search_term_string"}}],"inLanguage":"es"},{"@type":"Organization","@id":"https:\/\/laecosfera.com\/#organization","name":"La Ecosfera","url":"https:\/\/laecosfera.com\/","logo":{"@type":"ImageObject","inLanguage":"es","@id":"https:\/\/laecosfera.com\/#\/schema\/logo\/image\/","url":"https:\/\/laecosfera.com\/wp-content\/uploads\/2026\/02\/cropped-favicon-ecosfera.jpg","contentUrl":"https:\/\/laecosfera.com\/wp-content\/uploads\/2026\/02\/cropped-favicon-ecosfera.jpg","width":1080,"height":1080,"caption":"La Ecosfera"},"image":{"@id":"https:\/\/laecosfera.com\/#\/schema\/logo\/image\/"}}]}},"_links":{"self":[{"href":"https:\/\/laecosfera.com\/index.php?rest_route=\/wp\/v2\/product\/416","targetHints":{"allow":["GET"]}}],"collection":[{"href":"https:\/\/laecosfera.com\/index.php?rest_route=\/wp\/v2\/product"}],"about":[{"href":"https:\/\/laecosfera.com\/index.php?rest_route=\/wp\/v2\/types\/product"}],"replies":[{"embeddable":true,"href":"https:\/\/laecosfera.com\/index.php?rest_route=%2Fwp%2Fv2%2Fcomments&post=416"}],"wp:featuredmedia":[{"embeddable":true,"href":"https:\/\/laecosfera.com\/index.php?rest_route=\/wp\/v2\/media\/417"}],"wp:attachment":[{"href":"https:\/\/laecosfera.com\/index.php?rest_route=%2Fwp%2Fv2%2Fmedia&parent=416"}],"wp:term":[{"taxonomy":"product_brand","embeddable":true,"href":"https:\/\/laecosfera.com\/index.php?rest_route=%2Fwp%2Fv2%2Fproduct_brand&post=416"},{"taxonomy":"product_cat","embeddable":true,"href":"https:\/\/laecosfera.com\/index.php?rest_route=%2Fwp%2Fv2%2Fproduct_cat&post=416"},{"taxonomy":"product_tag","embeddable":true,"href":"https:\/\/laecosfera.com\/index.php?rest_route=%2Fwp%2Fv2%2Fproduct_tag&post=416"}],"curies":[{"name":"wp","href":"https:\/\/api.w.org\/{rel}","templated":true}]}}